{"id":14350,"date":"2024-09-24T16:21:26","date_gmt":"2024-09-24T16:21:26","guid":{"rendered":"https:\/\/globaltaxjusticestaging.local\/acerca-de-gatj\/"},"modified":"2025-05-30T17:36:56","modified_gmt":"2025-05-30T17:36:56","slug":"acerca-de-gatj","status":"publish","type":"page","link":"https:\/\/globaltaxjustice.org\/es\/acerca-de-gatj\/","title":{"rendered":"Acerca de GATJ"},"content":{"rendered":"\n<div class=\"wp-block-columns about-intro is-layout-flex wp-container-core-columns-is-layout-9d6595d7 wp-block-columns-is-layout-flex\">\n<div class=\"wp-block-column is-layout-flow wp-block-column-is-layout-flow\" style=\"flex-basis:13.7%\">\n<figure class=\"wp-block-image size-large is-resized original\"><img decoding=\"async\" src=\"\/wp-content\/uploads\/2022\/07\/logoggttgg.png\" alt=\"\" style=\"aspect-ratio:1;object-fit:contain;width:161px\"\/><\/figure>\n<\/div>\n\n\n\n<div class=\"wp-block-column is-layout-flow wp-block-column-is-layout-flow\" style=\"flex-basis:63.66%\">\n<p>La Alianza Global por la Justicia Fiscal (GATJ) es una coalici\u00f3n global liderada por el Sur en el movimiento por la justicia fiscal. Juntos trabajamos por un mundo en el que pol\u00edticas fiscales progresivas y redistributivas reduzcan las desigualdades en(tre) los pa\u00edses, y generen la financiaci\u00f3n p\u00fablica necesaria para garantizar los servicios esenciales y los derechos humanos.<\/p>\n\n\n\n<p>Creada en 2013, la GATJ comprende redes regionales de justicia fiscal en Asia (Tax &amp; Fiscal Justice Asia), \u00c1frica (Tax Justice Network Africa), Am\u00e9rica Latina (Red de Justicia Fiscal de Am\u00e9rica Latina y el Caribe), Europa (Tax Justice-Europe) y Am\u00e9rica del Norte (Canadians for Tax Fairness y FACT Coalition), representando colectivamente a cientos de organizaciones.<\/p>\n<\/div>\n<\/div>\n\n\n\n<div class=\"wp-block-getwid-section clear about-joined getwid-margin-bottom-large getwid-section-content-full-width\" style=\"margin-top:60px\"><div class=\"wp-block-getwid-section__wrapper getwid-padding-top-none getwid-padding-bottom-none getwid-padding-left-none getwid-padding-right-none\"><div class=\"wp-block-getwid-section__inner-wrapper\"><div class=\"wp-block-getwid-section__background-holder\"><div class=\"wp-block-getwid-section__background has-background\" style=\"background-color:#ede7d6\"><\/div><div class=\"wp-block-getwid-section__foreground\"><\/div><\/div><div class=\"wp-block-getwid-section__content\"><div class=\"wp-block-getwid-section__inner-content\">\n<div class=\"wp-block-columns alignfull is-layout-flex wp-container-core-columns-is-layout-9d6595d7 wp-block-columns-is-layout-flex\">\n<div class=\"wp-block-column is-vertically-aligned-center is-layout-flow wp-block-column-is-layout-flow\">\n<div class=\"wp-block-getwid-section\"><div class=\"wp-block-getwid-section__wrapper getwid-padding-right-none getwid-padding-tablet-left-medium getwid-padding-tablet-right-medium\" style=\"padding-left:90px\"><div class=\"wp-block-getwid-section__inner-wrapper\"><div class=\"wp-block-getwid-section__background-holder\"><div class=\"wp-block-getwid-section__background\"><\/div><div class=\"wp-block-getwid-section__foreground\"><\/div><\/div><div class=\"wp-block-getwid-section__content\"><div class=\"wp-block-getwid-section__inner-content\">\n<h2 class=\"wp-block-heading\" style=\"font-size:40px\">Nos hemos unido porque<\/h2>\n\n\n\n<p>los sistemas fiscales nacionales y la arquitectura fiscal global que los engloba facilitan los abusos fiscales, profundizando las desigualdades. Creemos que juntos podemos impulsar cambios transformadores a nivel nacional y mundial para que la fiscalidad est\u00e9 al servicio de la justicia econ\u00f3mica y el progreso social.<\/p>\n<\/div><\/div><\/div><\/div><\/div>\n<\/div>\n\n\n\n<div class=\"wp-block-column is-layout-flow wp-block-column-is-layout-flow\">\n<div class=\"wp-block-getwid-section\"><div class=\"wp-block-getwid-section__wrapper getwid-padding-tablet-top-normal getwid-padding-tablet-bottom-normal getwid-padding-tablet-left-none getwid-padding-tablet-right-medium getwid-padding-mobile-left-medium\" style=\"padding-top:60px;padding-bottom:30px;padding-left:9px;padding-right:80px\"><div class=\"wp-block-getwid-section__inner-wrapper\"><div class=\"wp-block-getwid-section__background-holder\"><div class=\"wp-block-getwid-section__background\"><\/div><div class=\"wp-block-getwid-section__foreground\"><\/div><\/div><div class=\"wp-block-getwid-section__content\"><div class=\"wp-block-getwid-section__inner-content\"><div class=\"wp-block-image wp-duotone-grayscale\">\n<figure class=\"aligncenter size-full is-resized\"><img loading=\"lazy\" decoding=\"async\" width=\"578\" height=\"325\" src=\"https:\/\/globaltaxjustice.org\/wp-content\/uploads\/2024\/10\/GATJ-Website-800x450-15-1-edited.png\" alt=\"\" class=\"wp-image-14743\" style=\"aspect-ratio:1.4018691588785046;object-fit:cover;width:415px;height:auto\" srcset=\"https:\/\/globaltaxjustice.org\/wp-content\/uploads\/2024\/10\/GATJ-Website-800x450-15-1-edited.png 578w, https:\/\/globaltaxjustice.org\/wp-content\/uploads\/2024\/10\/GATJ-Website-800x450-15-1-edited-300x169.png 300w\" sizes=\"auto, (max-width: 578px) 100vw, 578px\" \/><\/figure>\n<\/div><\/div><\/div><\/div><\/div><\/div>\n<\/div>\n<\/div>\n<\/div><\/div><\/div><\/div><\/div>\n\n\n\n<div class=\"wp-block-getwid-section about-now alignfull alignfull getwid-section-content-full-width\" style=\"margin-bottom:75px\"><div class=\"wp-block-getwid-section__wrapper getwid-padding-top-none getwid-padding-bottom-none getwid-padding-left-none getwid-padding-right-none getwid-align-items-flex-start\"><div class=\"wp-block-getwid-section__inner-wrapper\"><div class=\"wp-block-getwid-section__background-holder\"><div class=\"wp-block-getwid-section__background has-background has-primary-background-color\"><\/div><div class=\"wp-block-getwid-section__foreground\" style=\"opacity:0.85\"><\/div><\/div><div class=\"wp-block-getwid-section__content\"><div class=\"wp-block-getwid-section__inner-content\">\n<div class=\"wp-block-getwid-section clear getwid-margin-bottom-large\"><div class=\"wp-block-getwid-section__wrapper getwid-padding-top-none getwid-padding-bottom-none getwid-padding-left-none getwid-padding-right-none\"><div class=\"wp-block-getwid-section__inner-wrapper\"><div class=\"wp-block-getwid-section__background-holder\"><div class=\"wp-block-getwid-section__background has-background has-primary-background-color\"><\/div><div class=\"wp-block-getwid-section__foreground\"><\/div><\/div><div class=\"wp-block-getwid-section__content\"><div class=\"wp-block-getwid-section__inner-content\">\n<div class=\"wp-block-columns alignfull is-layout-flex wp-container-core-columns-is-layout-9d6595d7 wp-block-columns-is-layout-flex\">\n<div class=\"wp-block-column is-vertically-aligned-center is-layout-flow wp-block-column-is-layout-flow\">\n<div class=\"wp-block-getwid-section\"><div class=\"wp-block-getwid-section__wrapper getwid-padding-right-none getwid-padding-tablet-left-medium getwid-padding-tablet-right-medium\" style=\"padding-left:90px\"><div class=\"wp-block-getwid-section__inner-wrapper\"><div class=\"wp-block-getwid-section__background-holder\"><div class=\"wp-block-getwid-section__background\"><\/div><div class=\"wp-block-getwid-section__foreground\"><\/div><\/div><div class=\"wp-block-getwid-section__content\"><div class=\"wp-block-getwid-section__inner-content\">\n<h2 class=\"wp-block-heading has-text-color has-link-color wp-elements-9db6f6f35325d3255f31b5ce1290e98b\" style=\"color:#ffffff;font-size:40px\">\u00a1Ahora es el momento!<\/h2>\n\n\n\n<p class=\"has-text-color has-link-color wp-elements-3fefe10124b84490b6b7a0c246fbf6b9\" style=\"color:#ffffff\">Pol\u00edticas fiscales y tributarias redistributivas y progresivas pueden contrarrestar las crecientes desigualdades y recaudar los fondos p\u00fablicos necesarios para invertir en los servicios p\u00fablicos, que son esenciales para cumplir los derechos humanos y avanzar en el desarrollo sostenible. Al trabajar m\u00e1s all\u00e1 de las fronteras y junto con otras organizaciones, podemos construir un movimiento social fuerte que genere la voluntad pol\u00edtica de reformar la obsoleta y rota arquitectura fiscal y financiera mundial.<\/p>\n<\/div><\/div><\/div><\/div><\/div>\n<\/div>\n\n\n\n<div class=\"wp-block-column is-layout-flow wp-block-column-is-layout-flow\">\n<div class=\"wp-block-getwid-section\"><div class=\"wp-block-getwid-section__wrapper getwid-padding-tablet-top-normal getwid-padding-tablet-bottom-normal getwid-padding-tablet-left-none getwid-padding-tablet-right-medium getwid-padding-mobile-left-medium\" style=\"padding-top:60px;padding-bottom:30px;padding-left:9px;padding-right:80px\"><div class=\"wp-block-getwid-section__inner-wrapper\"><div class=\"wp-block-getwid-section__background-holder\"><div class=\"wp-block-getwid-section__background\"><\/div><div class=\"wp-block-getwid-section__foreground\"><\/div><\/div><div class=\"wp-block-getwid-section__content\"><div class=\"wp-block-getwid-section__inner-content\"><div class=\"wp-block-image wp-duotone-grayscale\">\n<figure class=\"aligncenter size-full is-resized\"><img loading=\"lazy\" decoding=\"async\" width=\"960\" height=\"720\" src=\"https:\/\/globaltaxjustice.org\/wp-content\/uploads\/2024\/10\/2020-04-15-Por-un-sistema-fiscal-feminista-2020-destaques-de-Asia-ES-IMAGEM-4.jpg\" alt=\"\" class=\"wp-image-14747\" style=\"object-fit:cover;width:465px;height:428px\" srcset=\"https:\/\/globaltaxjustice.org\/wp-content\/uploads\/2024\/10\/2020-04-15-Por-un-sistema-fiscal-feminista-2020-destaques-de-Asia-ES-IMAGEM-4.jpg 960w, https:\/\/globaltaxjustice.org\/wp-content\/uploads\/2024\/10\/2020-04-15-Por-un-sistema-fiscal-feminista-2020-destaques-de-Asia-ES-IMAGEM-4-300x225.jpg 300w, https:\/\/globaltaxjustice.org\/wp-content\/uploads\/2024\/10\/2020-04-15-Por-un-sistema-fiscal-feminista-2020-destaques-de-Asia-ES-IMAGEM-4-768x576.jpg 768w, https:\/\/globaltaxjustice.org\/wp-content\/uploads\/2024\/10\/2020-04-15-Por-un-sistema-fiscal-feminista-2020-destaques-de-Asia-ES-IMAGEM-4-938x704.jpg 938w\" sizes=\"auto, (max-width: 960px) 100vw, 960px\" \/><\/figure>\n<\/div><\/div><\/div><\/div><\/div><\/div>\n<\/div>\n<\/div>\n<\/div><\/div><\/div><\/div><\/div>\n<\/div><\/div><\/div><\/div><\/div>\n\n\n\n<div class=\"wp-block-getwid-section clear getwid-margin-top-none getwid-margin-bottom-none getwid-section-content-custom-width\"><div class=\"wp-block-getwid-section__wrapper getwid-padding-top-none getwid-padding-bottom-none getwid-padding-left-none getwid-padding-right-none getwid-margin-left-none getwid-margin-right-none\"><div class=\"wp-block-getwid-section__inner-wrapper\" style=\"max-width:766px\"><div class=\"wp-block-getwid-section__background-holder\"><div class=\"wp-block-getwid-section__background\"><\/div><div class=\"wp-block-getwid-section__foreground\"><\/div><\/div><div class=\"wp-block-getwid-section__content\"><div class=\"wp-block-getwid-section__inner-content\">\n<h2 class=\"wp-block-heading\" style=\"font-size:40px\">Nuestra visi\u00f3n es la de un mundo en el que prevalezca la justicia fiscal y tributaria para que todos los miembros de las sociedades puedan llevar una vida plena con dignidad.<\/h2>\n\n\n\n<p>Queremos pol\u00edticas fiscales y tributarias que permitan a las personas participar en la prosperidad local y global; acceder a los servicios p\u00fablicos y a las protecciones sociales necesarias para cumplir los derechos humanos; y beneficiarse de econom\u00edas inclusivas y sostenibles que no produzcan ni perpet\u00faen las desigualdades.<\/p>\n\n\n\n<div class=\"wp-block-getwid-section getwid-margin-top-none getwid-section-content-custom-width\" style=\"margin-bottom:40px\"><div class=\"wp-block-getwid-section__wrapper getwid-padding-top-none getwid-padding-bottom-none getwid-padding-left-none getwid-padding-right-none getwid-margin-left-none getwid-margin-right-none\"><div class=\"wp-block-getwid-section__inner-wrapper\"><div class=\"wp-block-getwid-section__background-holder\"><div class=\"wp-block-getwid-section__background\"><\/div><div class=\"wp-block-getwid-section__foreground\"><\/div><\/div><div class=\"wp-block-getwid-section__content\"><div class=\"wp-block-getwid-section__inner-content\">\n<figure class=\"wp-block-image alignwide size-large wp-duotone-grayscale\"><img decoding=\"async\" src=\"\/wp-content\/uploads\/2022\/08\/2018-05-15-Luxleaks-appeal-a-victory-for-whistleblower-Antoine-Deltour-EN-IMAGEM-PRINCIPAL.jpg\" alt=\"\"\/><\/figure>\n<\/div><\/div><\/div><\/div><\/div>\n<\/div><\/div><\/div><\/div><\/div>\n\n\n\n<div class=\"wp-block-getwid-section clear getwid-margin-top-none getwid-margin-bottom-none getwid-section-content-custom-width\"><div class=\"wp-block-getwid-section__wrapper getwid-padding-top-none getwid-padding-bottom-none getwid-padding-left-none getwid-padding-right-none getwid-margin-left-none getwid-margin-right-none\"><div class=\"wp-block-getwid-section__inner-wrapper\" style=\"max-width:766px\"><div class=\"wp-block-getwid-section__background-holder\"><div class=\"wp-block-getwid-section__background\"><\/div><div class=\"wp-block-getwid-section__foreground\"><\/div><\/div><div class=\"wp-block-getwid-section__content\"><div class=\"wp-block-getwid-section__inner-content\">\n<h2 class=\"wp-block-heading\" style=\"font-size:40px\">Nuestros objetivos<\/h2>\n\n\n\n<ul class=\"wp-block-list\">\n<li>Que los abusos fiscales sean denunciados y frenados<\/li>\n\n\n\n<li>Que se implementen sistemas fiscales progresivos, redistributivos y con igualdad de g\u00e9nero en todos los pa\u00edses <\/li>\n\n\n\n<li>Que las normas fiscales globales funcionen para todos los pa\u00edses, las personas y el planeta <\/li>\n\n\n\n<li>Que las pr\u00e1cticas de transparencia fiscal se apliquen en todas las jurisdicciones <\/li>\n\n\n\n<li>Que los ciudadanos se empoderen y exijan a los gobiernos nacionales y a las instituciones mundiales que rindan cuentas sobre la justicia fiscal<\/li>\n<\/ul>\n\n\n\n<h2 class=\"wp-block-heading\" style=\"font-size:40px\">Promovemos la justicia fiscal<\/h2>\n\n\n\n<ul class=\"wp-block-list\">\n<li>Aumentando la concienciaci\u00f3n y fortaleciendo la solidaridad Sur-Sur y Sur-Norte para construir un movimiento global que promueva la justicia fiscal y tributaria<\/li>\n\n\n\n<li>Organizando campa\u00f1as y acciones transformadoras para promover soluciones que acaben con las injusticias fiscales <\/li>\n\n\n\n<li>Creando espacios para que la sociedad civil, los acad\u00e9micos, los profesionales y los activistas intercambien, aprendan juntos y desarrollen acciones conjuntas de defensa de la justicia fiscal y tributaria<\/li>\n<\/ul>\n<\/div><\/div><\/div><\/div><\/div>\n\n\n\n<div class=\"wp-block-getwid-section clear getwid-margin-top-none getwid-margin-bottom-none getwid-section-content-full-width\"><div class=\"wp-block-getwid-section__wrapper getwid-padding-top-none getwid-padding-bottom-none getwid-padding-left-none getwid-padding-right-none getwid-margin-left-none getwid-margin-right-none\"><div class=\"wp-block-getwid-section__inner-wrapper\"><div class=\"wp-block-getwid-section__background-holder\"><div class=\"wp-block-getwid-section__background\"><\/div><div class=\"wp-block-getwid-section__foreground\"><\/div><\/div><div class=\"wp-block-getwid-section__content\"><div class=\"wp-block-getwid-section__inner-content\">\n<figure class=\"wp-block-image size-full is-resized wp-duotone-grayscale\"><img loading=\"lazy\" decoding=\"async\" width=\"736\" height=\"437\" src=\"https:\/\/globaltaxjustice.org\/wp-content\/uploads\/2024\/10\/PIC_globaltaxbody-edited.jpg\" alt=\"\" class=\"wp-image-14738\" style=\"aspect-ratio:1.7777777777777777;object-fit:cover;width:1047px;height:auto\" srcset=\"https:\/\/globaltaxjustice.org\/wp-content\/uploads\/2024\/10\/PIC_globaltaxbody-edited.jpg 736w, https:\/\/globaltaxjustice.org\/wp-content\/uploads\/2024\/10\/PIC_globaltaxbody-edited-300x178.jpg 300w\" sizes=\"auto, (max-width: 736px) 100vw, 736px\" \/><\/figure>\n<\/div><\/div><\/div><\/div><\/div>\n","protected":false},"excerpt":{"rendered":"<p>La Alianza Global por la Justicia Fiscal (GATJ) es una coalici\u00f3n global liderada por el Sur en el movimiento por la justicia fiscal. Juntos trabajamos [&hellip;]<\/p>\n","protected":false},"author":3,"featured_media":0,"parent":0,"menu_order":0,"comment_status":"closed","ping_status":"closed","template":"","meta":{"_acf_changed":false,"footnotes":""},"class_list":["post-14350","page","type-page","status-publish","hentry"],"acf":[],"yoast_head":"<!-- This site is optimized with the Yoast SEO plugin v27.2 - https:\/\/yoast.com\/product\/yoast-seo-wordpress\/ -->\n<title>Acerca de GATJ - Global Tax Justice<\/title>\n<meta name=\"robots\" content=\"index, follow, max-snippet:-1, max-image-preview:large, max-video-preview:-1\" \/>\n<link rel=\"canonical\" href=\"https:\/\/globaltaxjustice.org\/es\/acerca-de-gatj\/\" \/>\n<meta property=\"og:locale\" content=\"es_ES\" \/>\n<meta property=\"og:type\" content=\"article\" \/>\n<meta property=\"og:title\" content=\"Acerca de GATJ - Global Tax Justice\" \/>\n<meta property=\"og:description\" content=\"La Alianza Global por la Justicia Fiscal (GATJ) es una coalici\u00f3n global liderada por el Sur en el movimiento por la justicia fiscal. Juntos trabajamos [&hellip;]\" \/>\n<meta property=\"og:url\" content=\"https:\/\/globaltaxjustice.org\/es\/acerca-de-gatj\/\" \/>\n<meta property=\"og:site_name\" content=\"Global Tax Justice\" \/>\n<meta property=\"article:modified_time\" content=\"2025-05-30T17:36:56+00:00\" \/>\n<meta property=\"og:image\" content=\"https:\/\/globaltaxjustice.org\/wp-content\/uploads\/2024\/10\/GATJ-Website-800x450-15-1-edited.png\" \/>\n<meta name=\"twitter:card\" content=\"summary_large_image\" \/>\n<meta name=\"twitter:label1\" content=\"Est. reading time\" \/>\n\t<meta name=\"twitter:data1\" content=\"4 minutos\" \/>\n<script type=\"application\/ld+json\" class=\"yoast-schema-graph\">{\"@context\":\"https:\/\/schema.org\",\"@graph\":[{\"@type\":\"WebPage\",\"@id\":\"https:\/\/globaltaxjustice.org\/es\/acerca-de-gatj\/\",\"url\":\"https:\/\/globaltaxjustice.org\/es\/acerca-de-gatj\/\",\"name\":\"Acerca de GATJ - Global Tax Justice\",\"isPartOf\":{\"@id\":\"https:\/\/globaltaxjustice.org\/es\/#website\"},\"primaryImageOfPage\":{\"@id\":\"https:\/\/globaltaxjustice.org\/es\/acerca-de-gatj\/#primaryimage\"},\"image\":{\"@id\":\"https:\/\/globaltaxjustice.org\/es\/acerca-de-gatj\/#primaryimage\"},\"thumbnailUrl\":\"https:\/\/globaltaxjustice.org\/wp-content\/uploads\/2024\/10\/GATJ-Website-800x450-15-1-edited.png\",\"datePublished\":\"2024-09-24T16:21:26+00:00\",\"dateModified\":\"2025-05-30T17:36:56+00:00\",\"breadcrumb\":{\"@id\":\"https:\/\/globaltaxjustice.org\/es\/acerca-de-gatj\/#breadcrumb\"},\"inLanguage\":\"es\",\"potentialAction\":[{\"@type\":\"ReadAction\",\"target\":[\"https:\/\/globaltaxjustice.org\/es\/acerca-de-gatj\/\"]}]},{\"@type\":\"ImageObject\",\"inLanguage\":\"es\",\"@id\":\"https:\/\/globaltaxjustice.org\/es\/acerca-de-gatj\/#primaryimage\",\"url\":\"https:\/\/globaltaxjustice.org\/wp-content\/uploads\/2024\/10\/GATJ-Website-800x450-15-1-edited.png\",\"contentUrl\":\"https:\/\/globaltaxjustice.org\/wp-content\/uploads\/2024\/10\/GATJ-Website-800x450-15-1-edited.png\"},{\"@type\":\"BreadcrumbList\",\"@id\":\"https:\/\/globaltaxjustice.org\/es\/acerca-de-gatj\/#breadcrumb\",\"itemListElement\":[{\"@type\":\"ListItem\",\"position\":1,\"name\":\"Home\",\"item\":\"https:\/\/globaltaxjustice.org\/es\/\"},{\"@type\":\"ListItem\",\"position\":2,\"name\":\"Acerca de GATJ\"}]},{\"@type\":\"WebSite\",\"@id\":\"https:\/\/globaltaxjustice.org\/es\/#website\",\"url\":\"https:\/\/globaltaxjustice.org\/es\/\",\"name\":\"Global Tax Justice\",\"description\":\"Just another WordPress site\",\"publisher\":{\"@id\":\"https:\/\/globaltaxjustice.org\/es\/#organization\"},\"potentialAction\":[{\"@type\":\"SearchAction\",\"target\":{\"@type\":\"EntryPoint\",\"urlTemplate\":\"https:\/\/globaltaxjustice.org\/es\/?s={search_term_string}\"},\"query-input\":{\"@type\":\"PropertyValueSpecification\",\"valueRequired\":true,\"valueName\":\"search_term_string\"}}],\"inLanguage\":\"es\"},{\"@type\":\"Organization\",\"@id\":\"https:\/\/globaltaxjustice.org\/es\/#organization\",\"name\":\"Global Tax Justice\",\"url\":\"https:\/\/globaltaxjustice.org\/es\/\",\"logo\":{\"@type\":\"ImageObject\",\"inLanguage\":\"es\",\"@id\":\"https:\/\/globaltaxjustice.org\/es\/#\/schema\/logo\/image\/\",\"url\":\"https:\/\/globaltaxjustice.org\/wp-content\/uploads\/2024\/10\/logo_header.svg\",\"contentUrl\":\"https:\/\/globaltaxjustice.org\/wp-content\/uploads\/2024\/10\/logo_header.svg\",\"width\":229,\"height\":40,\"caption\":\"Global Tax Justice\"},\"image\":{\"@id\":\"https:\/\/globaltaxjustice.org\/es\/#\/schema\/logo\/image\/\"}}]}<\/script>\n<!-- \/ Yoast SEO plugin. -->","yoast_head_json":{"title":"Acerca de GATJ - Global Tax Justice","robots":{"index":"index","follow":"follow","max-snippet":"max-snippet:-1","max-image-preview":"max-image-preview:large","max-video-preview":"max-video-preview:-1"},"canonical":"https:\/\/globaltaxjustice.org\/es\/acerca-de-gatj\/","og_locale":"es_ES","og_type":"article","og_title":"Acerca de GATJ - Global Tax Justice","og_description":"La Alianza Global por la Justicia Fiscal (GATJ) es una coalici\u00f3n global liderada por el Sur en el movimiento por la justicia fiscal. Juntos trabajamos [&hellip;]","og_url":"https:\/\/globaltaxjustice.org\/es\/acerca-de-gatj\/","og_site_name":"Global Tax Justice","article_modified_time":"2025-05-30T17:36:56+00:00","og_image":[{"url":"https:\/\/globaltaxjustice.org\/wp-content\/uploads\/2024\/10\/GATJ-Website-800x450-15-1-edited.png","type":"","width":"","height":""}],"twitter_card":"summary_large_image","twitter_misc":{"Est. reading time":"4 minutos"},"schema":{"@context":"https:\/\/schema.org","@graph":[{"@type":"WebPage","@id":"https:\/\/globaltaxjustice.org\/es\/acerca-de-gatj\/","url":"https:\/\/globaltaxjustice.org\/es\/acerca-de-gatj\/","name":"Acerca de GATJ - Global Tax Justice","isPartOf":{"@id":"https:\/\/globaltaxjustice.org\/es\/#website"},"primaryImageOfPage":{"@id":"https:\/\/globaltaxjustice.org\/es\/acerca-de-gatj\/#primaryimage"},"image":{"@id":"https:\/\/globaltaxjustice.org\/es\/acerca-de-gatj\/#primaryimage"},"thumbnailUrl":"https:\/\/globaltaxjustice.org\/wp-content\/uploads\/2024\/10\/GATJ-Website-800x450-15-1-edited.png","datePublished":"2024-09-24T16:21:26+00:00","dateModified":"2025-05-30T17:36:56+00:00","breadcrumb":{"@id":"https:\/\/globaltaxjustice.org\/es\/acerca-de-gatj\/#breadcrumb"},"inLanguage":"es","potentialAction":[{"@type":"ReadAction","target":["https:\/\/globaltaxjustice.org\/es\/acerca-de-gatj\/"]}]},{"@type":"ImageObject","inLanguage":"es","@id":"https:\/\/globaltaxjustice.org\/es\/acerca-de-gatj\/#primaryimage","url":"https:\/\/globaltaxjustice.org\/wp-content\/uploads\/2024\/10\/GATJ-Website-800x450-15-1-edited.png","contentUrl":"https:\/\/globaltaxjustice.org\/wp-content\/uploads\/2024\/10\/GATJ-Website-800x450-15-1-edited.png"},{"@type":"BreadcrumbList","@id":"https:\/\/globaltaxjustice.org\/es\/acerca-de-gatj\/#breadcrumb","itemListElement":[{"@type":"ListItem","position":1,"name":"Home","item":"https:\/\/globaltaxjustice.org\/es\/"},{"@type":"ListItem","position":2,"name":"Acerca de GATJ"}]},{"@type":"WebSite","@id":"https:\/\/globaltaxjustice.org\/es\/#website","url":"https:\/\/globaltaxjustice.org\/es\/","name":"Global Tax Justice","description":"Just another WordPress site","publisher":{"@id":"https:\/\/globaltaxjustice.org\/es\/#organization"},"potentialAction":[{"@type":"SearchAction","target":{"@type":"EntryPoint","urlTemplate":"https:\/\/globaltaxjustice.org\/es\/?s={search_term_string}"},"query-input":{"@type":"PropertyValueSpecification","valueRequired":true,"valueName":"search_term_string"}}],"inLanguage":"es"},{"@type":"Organization","@id":"https:\/\/globaltaxjustice.org\/es\/#organization","name":"Global Tax Justice","url":"https:\/\/globaltaxjustice.org\/es\/","logo":{"@type":"ImageObject","inLanguage":"es","@id":"https:\/\/globaltaxjustice.org\/es\/#\/schema\/logo\/image\/","url":"https:\/\/globaltaxjustice.org\/wp-content\/uploads\/2024\/10\/logo_header.svg","contentUrl":"https:\/\/globaltaxjustice.org\/wp-content\/uploads\/2024\/10\/logo_header.svg","width":229,"height":40,"caption":"Global Tax Justice"},"image":{"@id":"https:\/\/globaltaxjustice.org\/es\/#\/schema\/logo\/image\/"}}]}},"_links":{"self":[{"href":"https:\/\/globaltaxjustice.org\/es\/wp-json\/wp\/v2\/pages\/14350","targetHints":{"allow":["GET"]}}],"collection":[{"href":"https:\/\/globaltaxjustice.org\/es\/wp-json\/wp\/v2\/pages"}],"about":[{"href":"https:\/\/globaltaxjustice.org\/es\/wp-json\/wp\/v2\/types\/page"}],"author":[{"embeddable":true,"href":"https:\/\/globaltaxjustice.org\/es\/wp-json\/wp\/v2\/users\/3"}],"replies":[{"embeddable":true,"href":"https:\/\/globaltaxjustice.org\/es\/wp-json\/wp\/v2\/comments?post=14350"}],"version-history":[{"count":0,"href":"https:\/\/globaltaxjustice.org\/es\/wp-json\/wp\/v2\/pages\/14350\/revisions"}],"wp:attachment":[{"href":"https:\/\/globaltaxjustice.org\/es\/wp-json\/wp\/v2\/media?parent=14350"}],"curies":[{"name":"wp","href":"https:\/\/api.w.org\/{rel}","templated":true}]}}